{"id":340,"date":"2014-10-13T09:38:00","date_gmt":"2014-10-13T09:38:00","guid":{"rendered":"http:\/\/themes.muffingroup.com\/be\/fit\/?page_id=2"},"modified":"2026-05-11T16:06:08","modified_gmt":"2026-05-11T19:06:08","slug":"dermatologia-clinica-e-estetica-dra-elisabete-gricheno","status":"publish","type":"page","link":"https:\/\/draelisabetegricheno.com.br\/","title":{"rendered":"Home"},"content":{"rendered":"","protected":false},"excerpt":{"rendered":"","protected":false},"author":1,"featured_media":0,"parent":0,"menu_order":0,"comment_status":"closed","ping_status":"closed","template":"","meta":{"footnotes":""},"class_list":["post-340","page","type-page","status-publish","hentry"],"yoast_head":"<!-- This site is optimized with the Yoast SEO plugin v27.6 - https:\/\/yoast.com\/product\/yoast-seo-wordpress\/ -->\n<title>Dermatologia Cl\u00ednica e Est\u00e9tica - Dra. Elisabete Gricheno<\/title>\n<meta name=\"description\" content=\"Dermatologia Cl\u00ednica e Est\u00e9tica - Tratamento de Pele - Dra. Elisabete Gricheno, dermatologista An\u00e1lia Franco, Mooca, Tatuap\u00e9 e regi\u00e3o\" \/>\n<meta name=\"robots\" content=\"index, follow, max-snippet:-1, max-image-preview:large, max-video-preview:-1\" \/>\n<link rel=\"canonical\" href=\"https:\/\/draelisabetegricheno.com.br\/\" \/>\n<meta property=\"og:locale\" content=\"pt_BR\" \/>\n<meta property=\"og:type\" content=\"article\" \/>\n<meta property=\"og:title\" content=\"Dermatologia Cl\u00ednica e Est\u00e9tica - Dra. Elisabete Gricheno\" \/>\n<meta property=\"og:description\" content=\"Dermatologia Cl\u00ednica e Est\u00e9tica - Tratamento de Pele - Dra. Elisabete Gricheno, dermatologista An\u00e1lia Franco, Mooca, Tatuap\u00e9 e regi\u00e3o\" \/>\n<meta property=\"og:url\" content=\"https:\/\/draelisabetegricheno.com.br\/\" \/>\n<meta property=\"og:site_name\" content=\"Dra. Elisabete Gricheno\" \/>\n<meta property=\"article:modified_time\" content=\"2026-05-11T19:06:08+00:00\" \/>\n<meta name=\"twitter:card\" content=\"summary_large_image\" \/>\n<script type=\"application\/ld+json\" class=\"yoast-schema-graph\">{\"@context\":\"https:\\\/\\\/schema.org\",\"@graph\":[{\"@type\":\"WebPage\",\"@id\":\"https:\\\/\\\/draelisabetegricheno.com.br\\\/\",\"url\":\"https:\\\/\\\/draelisabetegricheno.com.br\\\/\",\"name\":\"Dermatologia Cl\u00ednica e Est\u00e9tica - Dra. Elisabete Gricheno\",\"isPartOf\":{\"@id\":\"https:\\\/\\\/draelisabetegricheno.com.br\\\/#website\"},\"datePublished\":\"2014-10-13T09:38:00+00:00\",\"dateModified\":\"2026-05-11T19:06:08+00:00\",\"description\":\"Dermatologia Cl\u00ednica e Est\u00e9tica - Tratamento de Pele - Dra. Elisabete Gricheno, dermatologista An\u00e1lia Franco, Mooca, Tatuap\u00e9 e regi\u00e3o\",\"breadcrumb\":{\"@id\":\"https:\\\/\\\/draelisabetegricheno.com.br\\\/#breadcrumb\"},\"inLanguage\":\"pt-BR\",\"potentialAction\":[{\"@type\":\"ReadAction\",\"target\":[\"https:\\\/\\\/draelisabetegricheno.com.br\\\/\"]}]},{\"@type\":\"BreadcrumbList\",\"@id\":\"https:\\\/\\\/draelisabetegricheno.com.br\\\/#breadcrumb\",\"itemListElement\":[{\"@type\":\"ListItem\",\"position\":1,\"name\":\"In\u00edcio\",\"item\":\"https:\\\/\\\/draelisabetegricheno.com.br\\\/\"},{\"@type\":\"ListItem\",\"position\":2,\"name\":\"Home\"}]},{\"@type\":\"WebSite\",\"@id\":\"https:\\\/\\\/draelisabetegricheno.com.br\\\/#website\",\"url\":\"https:\\\/\\\/draelisabetegricheno.com.br\\\/\",\"name\":\"Dra. Elisabete Gricheno\",\"description\":\"Cl\u00ednica de Dermatologia\",\"publisher\":{\"@id\":\"https:\\\/\\\/draelisabetegricheno.com.br\\\/#organization\"},\"potentialAction\":[{\"@type\":\"SearchAction\",\"target\":{\"@type\":\"EntryPoint\",\"urlTemplate\":\"https:\\\/\\\/draelisabetegricheno.com.br\\\/?s={search_term_string}\"},\"query-input\":{\"@type\":\"PropertyValueSpecification\",\"valueRequired\":true,\"valueName\":\"search_term_string\"}}],\"inLanguage\":\"pt-BR\"},{\"@type\":\"Organization\",\"@id\":\"https:\\\/\\\/draelisabetegricheno.com.br\\\/#organization\",\"name\":\"Dra. Elisabete Gricheno\",\"url\":\"https:\\\/\\\/draelisabetegricheno.com.br\\\/\",\"logo\":{\"@type\":\"ImageObject\",\"inLanguage\":\"pt-BR\",\"@id\":\"https:\\\/\\\/draelisabetegricheno.com.br\\\/#\\\/schema\\\/logo\\\/image\\\/\",\"url\":\"https:\\\/\\\/draelisabetegricheno.com.br\\\/wp-content\\\/uploads\\\/2021\\\/09\\\/logo-01-retina.png\",\"contentUrl\":\"https:\\\/\\\/draelisabetegricheno.com.br\\\/wp-content\\\/uploads\\\/2021\\\/09\\\/logo-01-retina.png\",\"width\":731,\"height\":179,\"caption\":\"Dra. Elisabete Gricheno\"},\"image\":{\"@id\":\"https:\\\/\\\/draelisabetegricheno.com.br\\\/#\\\/schema\\\/logo\\\/image\\\/\"}}]}<\/script>\n<!-- \/ Yoast SEO plugin. -->","yoast_head_json":{"title":"Dermatologia Cl\u00ednica e Est\u00e9tica - Dra. Elisabete Gricheno","description":"Dermatologia Cl\u00ednica e Est\u00e9tica - Tratamento de Pele - Dra. Elisabete Gricheno, dermatologista An\u00e1lia Franco, Mooca, Tatuap\u00e9 e regi\u00e3o","robots":{"index":"index","follow":"follow","max-snippet":"max-snippet:-1","max-image-preview":"max-image-preview:large","max-video-preview":"max-video-preview:-1"},"canonical":"https:\/\/draelisabetegricheno.com.br\/","og_locale":"pt_BR","og_type":"article","og_title":"Dermatologia Cl\u00ednica e Est\u00e9tica - Dra. Elisabete Gricheno","og_description":"Dermatologia Cl\u00ednica e Est\u00e9tica - Tratamento de Pele - Dra. Elisabete Gricheno, dermatologista An\u00e1lia Franco, Mooca, Tatuap\u00e9 e regi\u00e3o","og_url":"https:\/\/draelisabetegricheno.com.br\/","og_site_name":"Dra. Elisabete Gricheno","article_modified_time":"2026-05-11T19:06:08+00:00","twitter_card":"summary_large_image","schema":{"@context":"https:\/\/schema.org","@graph":[{"@type":"WebPage","@id":"https:\/\/draelisabetegricheno.com.br\/","url":"https:\/\/draelisabetegricheno.com.br\/","name":"Dermatologia Cl\u00ednica e Est\u00e9tica - Dra. Elisabete Gricheno","isPartOf":{"@id":"https:\/\/draelisabetegricheno.com.br\/#website"},"datePublished":"2014-10-13T09:38:00+00:00","dateModified":"2026-05-11T19:06:08+00:00","description":"Dermatologia Cl\u00ednica e Est\u00e9tica - Tratamento de Pele - Dra. Elisabete Gricheno, dermatologista An\u00e1lia Franco, Mooca, Tatuap\u00e9 e regi\u00e3o","breadcrumb":{"@id":"https:\/\/draelisabetegricheno.com.br\/#breadcrumb"},"inLanguage":"pt-BR","potentialAction":[{"@type":"ReadAction","target":["https:\/\/draelisabetegricheno.com.br\/"]}]},{"@type":"BreadcrumbList","@id":"https:\/\/draelisabetegricheno.com.br\/#breadcrumb","itemListElement":[{"@type":"ListItem","position":1,"name":"In\u00edcio","item":"https:\/\/draelisabetegricheno.com.br\/"},{"@type":"ListItem","position":2,"name":"Home"}]},{"@type":"WebSite","@id":"https:\/\/draelisabetegricheno.com.br\/#website","url":"https:\/\/draelisabetegricheno.com.br\/","name":"Dra. Elisabete Gricheno","description":"Cl\u00ednica de Dermatologia","publisher":{"@id":"https:\/\/draelisabetegricheno.com.br\/#organization"},"potentialAction":[{"@type":"SearchAction","target":{"@type":"EntryPoint","urlTemplate":"https:\/\/draelisabetegricheno.com.br\/?s={search_term_string}"},"query-input":{"@type":"PropertyValueSpecification","valueRequired":true,"valueName":"search_term_string"}}],"inLanguage":"pt-BR"},{"@type":"Organization","@id":"https:\/\/draelisabetegricheno.com.br\/#organization","name":"Dra. Elisabete Gricheno","url":"https:\/\/draelisabetegricheno.com.br\/","logo":{"@type":"ImageObject","inLanguage":"pt-BR","@id":"https:\/\/draelisabetegricheno.com.br\/#\/schema\/logo\/image\/","url":"https:\/\/draelisabetegricheno.com.br\/wp-content\/uploads\/2021\/09\/logo-01-retina.png","contentUrl":"https:\/\/draelisabetegricheno.com.br\/wp-content\/uploads\/2021\/09\/logo-01-retina.png","width":731,"height":179,"caption":"Dra. Elisabete Gricheno"},"image":{"@id":"https:\/\/draelisabetegricheno.com.br\/#\/schema\/logo\/image\/"}}]}},"_links":{"self":[{"href":"https:\/\/draelisabetegricheno.com.br\/index.php\/wp-json\/wp\/v2\/pages\/340","targetHints":{"allow":["GET"]}}],"collection":[{"href":"https:\/\/draelisabetegricheno.com.br\/index.php\/wp-json\/wp\/v2\/pages"}],"about":[{"href":"https:\/\/draelisabetegricheno.com.br\/index.php\/wp-json\/wp\/v2\/types\/page"}],"author":[{"embeddable":true,"href":"https:\/\/draelisabetegricheno.com.br\/index.php\/wp-json\/wp\/v2\/users\/1"}],"replies":[{"embeddable":true,"href":"https:\/\/draelisabetegricheno.com.br\/index.php\/wp-json\/wp\/v2\/comments?post=340"}],"version-history":[{"count":1,"href":"https:\/\/draelisabetegricheno.com.br\/index.php\/wp-json\/wp\/v2\/pages\/340\/revisions"}],"predecessor-version":[{"id":909,"href":"https:\/\/draelisabetegricheno.com.br\/index.php\/wp-json\/wp\/v2\/pages\/340\/revisions\/909"}],"wp:attachment":[{"href":"https:\/\/draelisabetegricheno.com.br\/index.php\/wp-json\/wp\/v2\/media?parent=340"}],"curies":[{"name":"wp","href":"https:\/\/api.w.org\/{rel}","templated":true}]}}